{"id":11,"date":"2022-05-25T11:12:20","date_gmt":"2022-05-25T11:12:20","guid":{"rendered":"http:\/\/journalistiekonderwijs.nl\/?page_id=11"},"modified":"2023-12-21T11:30:05","modified_gmt":"2023-12-21T11:30:05","slug":"home","status":"publish","type":"page","link":"https:\/\/journalistiekonderwijs.nl\/en\/","title":{"rendered":"Home"},"content":{"rendered":"<div data-elementor-type=\"wp-page\" data-elementor-id=\"11\" class=\"elementor elementor-11\" data-elementor-post-type=\"page\">\n\t\t\t\t\t\t<section class=\"elementor-section elementor-top-section elementor-element elementor-element-3d1f850 elementor-section-boxed elementor-section-height-default elementor-section-height-default\" data-id=\"3d1f850\" data-element_type=\"section\" data-settings=\"{&quot;jet_parallax_layout_list&quot;:[]}\">\n\t\t\t\t\t\t<div class=\"elementor-container elementor-column-gap-default\">\n\t\t\t\t\t<div class=\"elementor-column elementor-col-100 elementor-top-column elementor-element elementor-element-af38dcd\" data-id=\"af38dcd\" data-element_type=\"column\">\n\t\t\t<div class=\"elementor-widget-wrap elementor-element-populated\">\n\t\t\t\t\t\t<div class=\"elementor-element elementor-element-dc95587 elementor-widget elementor-widget-heading\" data-id=\"dc95587\" data-element_type=\"widget\" data-widget_type=\"heading.default\">\n\t\t\t\t<div class=\"elementor-widget-container\">\n\t\t\t<h2 class=\"elementor-heading-title elementor-size-default\">Journalism Education in 2030<br>Four scenarios for the future<\/h2>\t\t<\/div>\n\t\t\t\t<\/div>\n\t\t\t\t\t<\/div>\n\t\t<\/div>\n\t\t\t\t\t<\/div>\n\t\t<\/section>\n\t\t\t\t<section class=\"elementor-section elementor-top-section elementor-element elementor-element-dd1bb38 elementor-section-height-min-height elementor-section-content-middle elementor-section-boxed elementor-section-height-default elementor-section-items-middle\" data-id=\"dd1bb38\" data-element_type=\"section\" data-settings=\"{&quot;jet_parallax_layout_list&quot;:[],&quot;background_background&quot;:&quot;classic&quot;}\">\n\t\t\t\t\t\t<div class=\"elementor-container elementor-column-gap-default\">\n\t\t\t\t\t<div class=\"elementor-column elementor-col-100 elementor-top-column elementor-element elementor-element-d20ddc9\" data-id=\"d20ddc9\" data-element_type=\"column\">\n\t\t\t<div class=\"elementor-widget-wrap elementor-element-populated\">\n\t\t\t\t\t\t<div class=\"elementor-element elementor-element-e9d93b8 elementor-absolute elementor-hidden-tablet elementor-hidden-mobile elementor-widget elementor-widget-image\" data-id=\"e9d93b8\" data-element_type=\"widget\" id=\"matrixoverlay\" data-settings=\"{&quot;_position&quot;:&quot;absolute&quot;}\" data-widget_type=\"image.default\">\n\t\t\t\t<div class=\"elementor-widget-container\">\n\t\t\t\t\t\t\t\t\t\t\t\t\t<img fetchpriority=\"high\" decoding=\"async\" width=\"1202\" height=\"692\" src=\"https:\/\/journalistiekonderwijs.nl\/wp-content\/uploads\/2022\/10\/matrix-en.png\" class=\"attachment-full size-full wp-image-77\" alt=\"\" srcset=\"https:\/\/journalistiekonderwijs.nl\/wp-content\/uploads\/2022\/10\/matrix-en.png 1202w, https:\/\/journalistiekonderwijs.nl\/wp-content\/uploads\/2022\/10\/matrix-en-300x173.png 300w, https:\/\/journalistiekonderwijs.nl\/wp-content\/uploads\/2022\/10\/matrix-en-1024x590.png 1024w, https:\/\/journalistiekonderwijs.nl\/wp-content\/uploads\/2022\/10\/matrix-en-768x442.png 768w, https:\/\/journalistiekonderwijs.nl\/wp-content\/uploads\/2022\/10\/matrix-en-18x10.png 18w\" sizes=\"(max-width: 1202px) 100vw, 1202px\" \/>\t\t\t\t\t\t\t\t\t\t\t\t\t<\/div>\n\t\t\t\t<\/div>\n\t\t\t\t<section class=\"elementor-section elementor-inner-section elementor-element elementor-element-b2c3fd2 elementor-section-height-min-height elementor-section-boxed elementor-section-height-default\" data-id=\"b2c3fd2\" data-element_type=\"section\" data-settings=\"{&quot;jet_parallax_layout_list&quot;:[]}\">\n\t\t\t\t\t\t<div class=\"elementor-container elementor-column-gap-default\">\n\t\t\t\t\t<div class=\"elementor-column elementor-col-50 elementor-inner-column elementor-element elementor-element-760e15b\" data-id=\"760e15b\" data-element_type=\"column\">\n\t\t\t<div class=\"elementor-widget-wrap elementor-element-populated\">\n\t\t\t\t\t\t<div class=\"elementor-element elementor-element-0fff933 elementor-widget elementor-widget-jet-animated-box\" data-id=\"0fff933\" data-element_type=\"widget\" data-widget_type=\"jet-animated-box.default\">\n\t\t\t\t<div class=\"elementor-widget-container\">\n\t\t\t<div class=\"elementor-jet-animated-box jet-elements\"><div id=\"jet-animated-box-0fff933\" class=\"jet-animated-box jet-box-effect-9\" data-settings='{\"widgetId\":\"0fff933\",\"switchEventType\":\"hover\",\"paperFoldDirection\":\"left\",\"slideOutDirection\":\"left\",\"peelCornerPosition\":\"right\"}'>\n\t<div id=\"jet-animated-box__front-0fff933\" class=\"jet-animated-box__front\">\n\t\t<div class=\"jet-animated-box__inner\"><div class=\"jet-animated-box__content\"><h5 class=\"jet-animated-box__title jet-animated-box__title--front\">INSTITUTION + INDEPENDENT<\/h5><h1 class=\"jet-animated-box__subtitle jet-animated-box__subtitle--front\">Back to Basics<\/h1><\/div><\/div>\n\t\t<div class=\"jet-animated-box__overlay\"><\/div><\/div>\n\t<div id=\"jet-animated-box__back-0fff933\" class=\"jet-animated-box__back\">\n\t\t<div class=\"jet-animated-box__inner\"><div class=\"jet-animated-box__content\"><h5 class=\"jet-animated-box__title jet-animated-box__title--back\">INSTITUTION + INDEPENDENT<\/h5><h1 class=\"jet-animated-box__subtitle jet-animated-box__subtitle--back\">Back to Basics<\/h1><a class=\"elementor-button elementor-size-md jet-animated-box__button jet-animated-box__button--back jet-animated-box__button--icon-\" href=\"https:\/\/journalistiekonderwijs.nl\/en\/back-to-basics\/\"><span class=\"jet-animated-box__button-text\">Read more<\/span><\/a>\n\n<\/div><\/div>\n\t\t<div class=\"jet-animated-box__overlay\"><\/div><\/div>\n<\/div>\n<\/div>\t\t<\/div>\n\t\t\t\t<\/div>\n\t\t\t\t\t<\/div>\n\t\t<\/div>\n\t\t\t\t<div class=\"elementor-column elementor-col-50 elementor-inner-column elementor-element elementor-element-1f375d8\" data-id=\"1f375d8\" data-element_type=\"column\">\n\t\t\t<div class=\"elementor-widget-wrap elementor-element-populated\">\n\t\t\t\t\t\t<div class=\"elementor-element elementor-element-eef7f6c elementor-widget elementor-widget-jet-animated-box\" data-id=\"eef7f6c\" data-element_type=\"widget\" data-widget_type=\"jet-animated-box.default\">\n\t\t\t\t<div class=\"elementor-widget-container\">\n\t\t\t<div class=\"elementor-jet-animated-box jet-elements\"><div id=\"jet-animated-box-eef7f6c\" class=\"jet-animated-box jet-box-effect-9\" data-settings='{\"widgetId\":\"eef7f6c\",\"switchEventType\":\"hover\",\"paperFoldDirection\":\"left\",\"slideOutDirection\":\"left\",\"peelCornerPosition\":\"right\"}'>\n\t<div id=\"jet-animated-box__front-eef7f6c\" class=\"jet-animated-box__front\">\n\t\t<div class=\"jet-animated-box__inner\"><div class=\"jet-animated-box__content\"><h5 class=\"jet-animated-box__title jet-animated-box__title--front\">INDIVIDUAL + INDEPENDENT<\/h5><h1 class=\"jet-animated-box__subtitle jet-animated-box__subtitle--front\">Mix & Match<\/h1><\/div><\/div>\n\t\t<div class=\"jet-animated-box__overlay\"><\/div><\/div>\n\t<div id=\"jet-animated-box__back-eef7f6c\" class=\"jet-animated-box__back\">\n\t\t<div class=\"jet-animated-box__inner\"><div class=\"jet-animated-box__content\"><h5 class=\"jet-animated-box__title jet-animated-box__title--back\">INDIVIDUAL + INDEPENDENT<\/h5><h1 class=\"jet-animated-box__subtitle jet-animated-box__subtitle--back\">Mix & Match<\/h1><a class=\"elementor-button elementor-size-md jet-animated-box__button jet-animated-box__button--back jet-animated-box__button--icon-\" href=\"https:\/\/journalistiekonderwijs.nl\/en\/mix-match\/\"><span class=\"jet-animated-box__button-text\">Read more<\/span><\/a>\n\n<\/div><\/div>\n\t\t<div class=\"jet-animated-box__overlay\"><\/div><\/div>\n<\/div>\n<\/div>\t\t<\/div>\n\t\t\t\t<\/div>\n\t\t\t\t\t<\/div>\n\t\t<\/div>\n\t\t\t\t\t<\/div>\n\t\t<\/section>\n\t\t\t\t<section class=\"elementor-section elementor-inner-section elementor-element elementor-element-0186387 elementor-section-height-min-height elementor-section-boxed elementor-section-height-default\" data-id=\"0186387\" data-element_type=\"section\" data-settings=\"{&quot;jet_parallax_layout_list&quot;:[]}\">\n\t\t\t\t\t\t<div class=\"elementor-container elementor-column-gap-default\">\n\t\t\t\t\t<div class=\"elementor-column elementor-col-50 elementor-inner-column elementor-element elementor-element-12fdc4f\" data-id=\"12fdc4f\" data-element_type=\"column\">\n\t\t\t<div class=\"elementor-widget-wrap elementor-element-populated\">\n\t\t\t\t\t\t<div class=\"elementor-element elementor-element-5efc329 elementor-widget elementor-widget-jet-animated-box\" data-id=\"5efc329\" data-element_type=\"widget\" data-widget_type=\"jet-animated-box.default\">\n\t\t\t\t<div class=\"elementor-widget-container\">\n\t\t\t<div class=\"elementor-jet-animated-box jet-elements\"><div id=\"jet-animated-box-5efc329\" class=\"jet-animated-box jet-box-effect-9\" data-settings='{\"widgetId\":\"5efc329\",\"switchEventType\":\"hover\",\"paperFoldDirection\":\"left\",\"slideOutDirection\":\"left\",\"peelCornerPosition\":\"right\"}'>\n\t<div id=\"jet-animated-box__front-5efc329\" class=\"jet-animated-box__front\">\n\t\t<div class=\"jet-animated-box__inner\"><div class=\"jet-animated-box__content\"><h5 class=\"jet-animated-box__title jet-animated-box__title--front\">INSTITUTION + ENGAGED<\/h5><h1 class=\"jet-animated-box__subtitle jet-animated-box__subtitle--front\">Creators United<\/h1><\/div><\/div>\n\t\t<div class=\"jet-animated-box__overlay\"><\/div><\/div>\n\t<div id=\"jet-animated-box__back-5efc329\" class=\"jet-animated-box__back\">\n\t\t<div class=\"jet-animated-box__inner\"><div class=\"jet-animated-box__content\"><h5 class=\"jet-animated-box__title jet-animated-box__title--back\">INSTITUTION + ENGAGED<\/h5><h1 class=\"jet-animated-box__subtitle jet-animated-box__subtitle--back\">Creators United<\/h1><a class=\"elementor-button elementor-size-md jet-animated-box__button jet-animated-box__button--back jet-animated-box__button--icon-\" href=\"https:\/\/journalistiekonderwijs.nl\/en\/creators-united\/\"><span class=\"jet-animated-box__button-text\">Read more<\/span><\/a>\n\n<\/div><\/div>\n\t\t<div class=\"jet-animated-box__overlay\"><\/div><\/div>\n<\/div>\n<\/div>\t\t<\/div>\n\t\t\t\t<\/div>\n\t\t\t\t\t<\/div>\n\t\t<\/div>\n\t\t\t\t<div class=\"elementor-column elementor-col-50 elementor-inner-column elementor-element elementor-element-983359a\" data-id=\"983359a\" data-element_type=\"column\">\n\t\t\t<div class=\"elementor-widget-wrap elementor-element-populated\">\n\t\t\t\t\t\t<div class=\"elementor-element elementor-element-033e318 elementor-widget elementor-widget-jet-animated-box\" data-id=\"033e318\" data-element_type=\"widget\" data-widget_type=\"jet-animated-box.default\">\n\t\t\t\t<div class=\"elementor-widget-container\">\n\t\t\t<div class=\"elementor-jet-animated-box jet-elements\"><div id=\"jet-animated-box-033e318\" class=\"jet-animated-box jet-box-effect-9\" data-settings='{\"widgetId\":\"033e318\",\"switchEventType\":\"hover\",\"paperFoldDirection\":\"left\",\"slideOutDirection\":\"left\",\"peelCornerPosition\":\"right\"}'>\n\t<div id=\"jet-animated-box__front-033e318\" class=\"jet-animated-box__front\">\n\t\t<div class=\"jet-animated-box__inner\"><div class=\"jet-animated-box__content\"><h5 class=\"jet-animated-box__title jet-animated-box__title--front\">INDIVIDUAL + ENGAGED<\/h5><h1 class=\"jet-animated-box__subtitle jet-animated-box__subtitle--front\">Learn for Life<\/h1><\/div><\/div>\n\t\t<div class=\"jet-animated-box__overlay\"><\/div><\/div>\n\t<div id=\"jet-animated-box__back-033e318\" class=\"jet-animated-box__back\">\n\t\t<div class=\"jet-animated-box__inner\"><div class=\"jet-animated-box__content\"><h5 class=\"jet-animated-box__title jet-animated-box__title--back\">INDIVIDUAL + ENGAGED<\/h5><h1 class=\"jet-animated-box__subtitle jet-animated-box__subtitle--back\">Learn for Life<\/h1><a class=\"elementor-button elementor-size-md jet-animated-box__button jet-animated-box__button--back jet-animated-box__button--icon-\" href=\"https:\/\/journalistiekonderwijs.nl\/en\/learn-for-life\/\"><span class=\"jet-animated-box__button-text\">Read more<\/span><\/a>\n\n<\/div><\/div>\n\t\t<div class=\"jet-animated-box__overlay\"><\/div><\/div>\n<\/div>\n<\/div>\t\t<\/div>\n\t\t\t\t<\/div>\n\t\t\t\t\t<\/div>\n\t\t<\/div>\n\t\t\t\t\t<\/div>\n\t\t<\/section>\n\t\t\t\t\t<\/div>\n\t\t<\/div>\n\t\t\t\t\t<\/div>\n\t\t<\/section>\n\t\t\t\t<\/div>","protected":false},"excerpt":{"rendered":"<p>Journalistiekonderwijs in 2030Vier scenario\u2019s voor de toekomst INSTITUUT + ONAFHANKELIJK Back to Basics INSTITUUT + ONAFHANKELIJK Back to Basics Lees meer INDIVIDU + ONAFHANKELIJK Mix &#038; Match INDIVIDU + ONAFHANKELIJK Mix &#038; Match Lees meer INSTITUUT + GE\u00cbNGAGEERD Creators United INSTITUUT + GE\u00cbNGAGEERD Creators United Lees meer INDIVIDU + GE\u00cbNGAGEERD Learn for Life INDIVIDU + [&hellip;]<\/p>","protected":false},"author":1,"featured_media":0,"parent":0,"menu_order":0,"comment_status":"closed","ping_status":"closed","template":"","meta":{"footnotes":""},"class_list":["post-11","page","type-page","status-publish","hentry"],"yoast_head":"<!-- This site is optimized with the Yoast SEO plugin v21.9.1 - https:\/\/yoast.com\/wordpress\/plugins\/seo\/ -->\n<title>Journalistiekonderwijs in 2030 - Home<\/title>\n<meta name=\"robots\" content=\"index, follow, max-snippet:-1, max-image-preview:large, max-video-preview:-1\" \/>\n<link rel=\"canonical\" href=\"https:\/\/journalistiekonderwijs.nl\/en\/\" \/>\n<meta property=\"og:locale\" content=\"en_US\" \/>\n<meta property=\"og:type\" content=\"article\" \/>\n<meta property=\"og:title\" content=\"Journalistiekonderwijs in 2030 - Home\" \/>\n<meta property=\"og:description\" content=\"Journalistiekonderwijs in 2030Vier scenario\u2019s voor de toekomst INSTITUUT + ONAFHANKELIJK Back to Basics INSTITUUT + ONAFHANKELIJK Back to Basics Lees meer INDIVIDU + ONAFHANKELIJK Mix &#038; Match INDIVIDU + ONAFHANKELIJK Mix &#038; Match Lees meer INSTITUUT + GE\u00cbNGAGEERD Creators United INSTITUUT + GE\u00cbNGAGEERD Creators United Lees meer INDIVIDU + GE\u00cbNGAGEERD Learn for Life INDIVIDU + [&hellip;]\" \/>\n<meta property=\"og:url\" content=\"https:\/\/journalistiekonderwijs.nl\/en\/\" \/>\n<meta property=\"og:site_name\" content=\"Journalistiekonderwijs in 2030\" \/>\n<meta property=\"article:modified_time\" content=\"2023-12-21T11:30:05+00:00\" \/>\n<meta property=\"og:image\" content=\"http:\/\/journalistiekonderwijs.nl\/wp-content\/uploads\/2022\/05\/matrix.png\" \/>\n<meta name=\"twitter:card\" content=\"summary_large_image\" \/>\n<meta name=\"twitter:label1\" content=\"Est. reading time\" \/>\n\t<meta name=\"twitter:data1\" content=\"1 minute\" \/>\n<script type=\"application\/ld+json\" class=\"yoast-schema-graph\">{\"@context\":\"https:\/\/schema.org\",\"@graph\":[{\"@type\":\"WebPage\",\"@id\":\"https:\/\/journalistiekonderwijs.nl\/\",\"url\":\"https:\/\/journalistiekonderwijs.nl\/\",\"name\":\"Journalistiekonderwijs in 2030 - Home\",\"isPartOf\":{\"@id\":\"https:\/\/journalistiekonderwijs.nl\/#website\"},\"datePublished\":\"2022-05-25T11:12:20+00:00\",\"dateModified\":\"2023-12-21T11:30:05+00:00\",\"inLanguage\":\"en-US\",\"potentialAction\":[{\"@type\":\"ReadAction\",\"target\":[\"https:\/\/journalistiekonderwijs.nl\/\"]}]},{\"@type\":\"WebSite\",\"@id\":\"https:\/\/journalistiekonderwijs.nl\/#website\",\"url\":\"https:\/\/journalistiekonderwijs.nl\/\",\"name\":\"Journalistiekonderwijs in 2030\",\"description\":\"\",\"potentialAction\":[{\"@type\":\"SearchAction\",\"target\":{\"@type\":\"EntryPoint\",\"urlTemplate\":\"https:\/\/journalistiekonderwijs.nl\/?s={search_term_string}\"},\"query-input\":\"required name=search_term_string\"}],\"inLanguage\":\"en-US\"}]}<\/script>\n<!-- \/ Yoast SEO plugin. -->","yoast_head_json":{"title":"Journalistiekonderwijs in 2030 - Home","robots":{"index":"index","follow":"follow","max-snippet":"max-snippet:-1","max-image-preview":"max-image-preview:large","max-video-preview":"max-video-preview:-1"},"canonical":"https:\/\/journalistiekonderwijs.nl\/en\/","og_locale":"en_US","og_type":"article","og_title":"Journalistiekonderwijs in 2030 - Home","og_description":"Journalistiekonderwijs in 2030Vier scenario\u2019s voor de toekomst INSTITUUT + ONAFHANKELIJK Back to Basics INSTITUUT + ONAFHANKELIJK Back to Basics Lees meer INDIVIDU + ONAFHANKELIJK Mix &#038; Match INDIVIDU + ONAFHANKELIJK Mix &#038; Match Lees meer INSTITUUT + GE\u00cbNGAGEERD Creators United INSTITUUT + GE\u00cbNGAGEERD Creators United Lees meer INDIVIDU + GE\u00cbNGAGEERD Learn for Life INDIVIDU + [&hellip;]","og_url":"https:\/\/journalistiekonderwijs.nl\/en\/","og_site_name":"Journalistiekonderwijs in 2030","article_modified_time":"2023-12-21T11:30:05+00:00","og_image":[{"url":"http:\/\/journalistiekonderwijs.nl\/wp-content\/uploads\/2022\/05\/matrix.png"}],"twitter_card":"summary_large_image","twitter_misc":{"Est. reading time":"1 minute"},"schema":{"@context":"https:\/\/schema.org","@graph":[{"@type":"WebPage","@id":"https:\/\/journalistiekonderwijs.nl\/","url":"https:\/\/journalistiekonderwijs.nl\/","name":"Journalistiekonderwijs in 2030 - Home","isPartOf":{"@id":"https:\/\/journalistiekonderwijs.nl\/#website"},"datePublished":"2022-05-25T11:12:20+00:00","dateModified":"2023-12-21T11:30:05+00:00","inLanguage":"en-US","potentialAction":[{"@type":"ReadAction","target":["https:\/\/journalistiekonderwijs.nl\/"]}]},{"@type":"WebSite","@id":"https:\/\/journalistiekonderwijs.nl\/#website","url":"https:\/\/journalistiekonderwijs.nl\/","name":"Journalistiekonderwijs in 2030","description":"","potentialAction":[{"@type":"SearchAction","target":{"@type":"EntryPoint","urlTemplate":"https:\/\/journalistiekonderwijs.nl\/?s={search_term_string}"},"query-input":"required name=search_term_string"}],"inLanguage":"en-US"}]}},"_links":{"self":[{"href":"https:\/\/journalistiekonderwijs.nl\/en\/wp-json\/wp\/v2\/pages\/11","targetHints":{"allow":["GET"]}}],"collection":[{"href":"https:\/\/journalistiekonderwijs.nl\/en\/wp-json\/wp\/v2\/pages"}],"about":[{"href":"https:\/\/journalistiekonderwijs.nl\/en\/wp-json\/wp\/v2\/types\/page"}],"author":[{"embeddable":true,"href":"https:\/\/journalistiekonderwijs.nl\/en\/wp-json\/wp\/v2\/users\/1"}],"replies":[{"embeddable":true,"href":"https:\/\/journalistiekonderwijs.nl\/en\/wp-json\/wp\/v2\/comments?post=11"}],"version-history":[{"count":172,"href":"https:\/\/journalistiekonderwijs.nl\/en\/wp-json\/wp\/v2\/pages\/11\/revisions"}],"predecessor-version":[{"id":869,"href":"https:\/\/journalistiekonderwijs.nl\/en\/wp-json\/wp\/v2\/pages\/11\/revisions\/869"}],"wp:attachment":[{"href":"https:\/\/journalistiekonderwijs.nl\/en\/wp-json\/wp\/v2\/media?parent=11"}],"curies":[{"name":"wp","href":"https:\/\/api.w.org\/{rel}","templated":true}]}}